{"id":237,"date":"2025-08-30T06:16:57","date_gmt":"2025-08-30T06:16:57","guid":{"rendered":"https:\/\/spelinet.com\/a-propos-de-nous\/"},"modified":"2025-08-31T06:20:59","modified_gmt":"2025-08-31T06:20:59","slug":"a-propos-de-nous","status":"publish","type":"page","link":"https:\/\/spelinet.com\/fr\/a-propos-de-nous\/","title":{"rendered":"\u00c0 propos de nous"},"content":{"rendered":"\n\n  <div class=\"banner has-hover\" id=\"banner-655717386\">\n          <div class=\"banner-inner fill\">\n        <div class=\"banner-bg fill\" >\n            <div class=\"bg fill bg-fill \"><\/div>\n                                    \n                    <\/div>\n\t\t\n        <div class=\"banner-layers container\">\n            <div class=\"fill banner-link\"><\/div>            \n\n   <div id=\"text-box-467975244\" class=\"text-box banner-layer x50 md-x50 lg-x50 y50 md-y50 lg-y50 res-text\">\n                                <div class=\"text-box-content text dark\">\n              \n              <div class=\"text-inner text-center\">\n                  \n\n<h3 class=\"uppercase\"><b>\u00c0 propos de nous<\/b><\/h3>\n\n              <\/div>\n           <\/div>\n                            \n<style>\n#text-box-467975244 {\n  width: 100%;\n}\n#text-box-467975244 .text-box-content {\n  font-size: 100%;\n}\n<\/style>\n    <\/div>\n \n\n        <\/div>\n      <\/div>\n\n            \n<style>\n#banner-655717386 {\n  padding-top: 60px;\n}\n#banner-655717386 .ux-shape-divider--top svg {\n  height: 150px;\n  --divider-top-width: 100%;\n}\n#banner-655717386 .ux-shape-divider--bottom svg {\n  height: 150px;\n  --divider-width: 100%;\n}\n<\/style>\n  <\/div>\n\n\n\t<section class=\"section\" id=\"section_1783879035\">\n\t\t<div class=\"bg section-bg fill bg-fill  \" >\n\n\t\t\t\t<div class=\"video-overlay no-click fill visible\"><\/div>\n\t<video class=\"video-bg fill visible\" preload playsinline autoplay\n\t\tmuted\t\tloop>\n\t\t<source src=\"https:\/\/spelinet.com\/wp-content\/uploads\/2025\/08\/All-Sections-Videos.mp4\" type=\"video\/mp4\">\t<\/video>\n\n\t\t\t<div class=\"section-bg-overlay absolute fill\"><\/div>\n\t\t\t\n\n\t\t<\/div>\n\n\t\t\n\n\t\t<div class=\"section-content relative\">\n\t\t\t\n\n<div class=\"row row-small align-equal align-center\"  id=\"row-1015656811\">\n\n\n\t<div id=\"col-499254201\" class=\"col medium-9 small-12 large-9\"  >\n\t\t\t\t<div class=\"col-inner\"  >\n\t\t\t\n\t\t\t\n\n<p>Chez Speli Net, nous nous sp\u00e9cialisons exclusivement dans les services de nettoyage et d&rsquo;entretien commercial et industriel. Fond\u00e9e en 2020 par Elijah Ramdhaney et Serena Pascal pendant la pand\u00e9mie de COVID-19, Speli Net a \u00e9t\u00e9 cr\u00e9\u00e9e sur le principe que des espaces propres et bien entretenus sont essentiels au bon d\u00e9veloppement des entreprises. Notre objectif est de servir uniquement les clients commerciaux et industriels, en garantissant que leurs installations restent op\u00e9rationnelles, professionnelles et impeccables.<\/p>\n<h3 class=\"uppercase\">Ce que nous faisons<\/h3>\n<p>Nous proposons des solutions cibl\u00e9es, con\u00e7ues sp\u00e9cifiquement pour les environnements commerciaux et industriels. Nos services incluent l&rsquo;entretien des b\u00e2timents, les services de linge et des programmes de nettoyage personnalis\u00e9s qui r\u00e9pondent aux besoins uniques des grandes op\u00e9rations. <\/p>\n\n\n\t\t<\/div>\n\t\t\t\t\t<\/div>\n\n\t\n\n\t<div id=\"col-442814461\" class=\"col medium-3 small-12 large-3 small-col-first\"  data-animate=\"fadeInRight\">\n\t\t\t\t<div class=\"col-inner\"  >\n\t\t\t\n\t\t\t\n\n\t<div class=\"img has-hover x md-x lg-x y md-y lg-y\" id=\"image_407329310\">\n\t\t\t\t\t\t\t\t<div class=\"img-inner image-cover dark\" style=\"padding-top:89%;\">\n\t\t\t<img loading=\"lazy\" decoding=\"async\" width=\"1536\" height=\"1024\" src=\"https:\/\/spelinet.com\/wp-content\/uploads\/2025\/08\/1-1.jpg\" class=\"attachment-original size-original\" alt=\"\" srcset=\"https:\/\/spelinet.com\/wp-content\/uploads\/2025\/08\/1-1.jpg 1536w, https:\/\/spelinet.com\/wp-content\/uploads\/2025\/08\/1-1-300x200.jpg 300w, https:\/\/spelinet.com\/wp-content\/uploads\/2025\/08\/1-1-1024x683.jpg 1024w, https:\/\/spelinet.com\/wp-content\/uploads\/2025\/08\/1-1-768x512.jpg 768w\" sizes=\"auto, (max-width: 1536px) 100vw, 1536px\" \/>\t\t\t\t\t\t\n\t\t\t\t\t<\/div>\n\t\t\t\t\t\t\t\t\n<style>\n#image_407329310 {\n  width: 100%;\n}\n<\/style>\n\t<\/div>\n\t\n\n\n\t\t<\/div>\n\t\t\t\t\t<\/div>\n\n\t\n\n<\/div>\n<div class=\"row row-small align-equal align-center\"  id=\"row-1131822129\">\n\n\n\t<div id=\"col-1751967319\" class=\"col small-12 large-12\"  >\n\t\t\t\t<div class=\"col-inner\"  >\n\t\t\t\n\t\t\t\n\n<p>De l&rsquo;entretien des sols \u00e0 la gestion du linge et \u00e0 l&rsquo;entretien quotidien, nous aidons les entreprises \u00e0 maintenir des environnements refl\u00e9tant professionnalisme et efficacit\u00e9.<\/p>\n<p>Lorsque vous choisissez Speli Net, vous vous associez \u00e0 une \u00e9quipe qui comprend les exigences des espaces commerciaux et industriels. Notre engagement envers la fiabilit\u00e9, la pr\u00e9cision et notre expertise sp\u00e9cifique au secteur nous distingue en tant que leaders dans ce domaine.<\/p>\n<h3 class=\"uppercase\">Notre mission<\/h3>\n<p>Faire une diff\u00e9rence tangible dans les entreprises commerciales et industrielles que nous servons en fournissant des services de nettoyage et d&rsquo;entretien in\u00e9gal\u00e9s qui soutiennent la productivit\u00e9 et l&rsquo;excellence op\u00e9rationnelle.<\/p>\n<h3 class=\"uppercase\">Notre vision<\/h3>\n<p>\u00c9tablir une nouvelle norme pour les prestataires de services de nettoyage commercial et industriel en offrant une expertise, de l&rsquo;innovation et des solutions sur mesure qui d\u00e9passent les attentes.<\/p>\n<h3 class=\"uppercase\">Nos valeurs<\/h3>\n\n\t\t<div class=\"icon-box featured-box icon-box-left text-left\"  style=\"margin:0px 0px 10px 0px;\">\n\t\t\t\t\t<div class=\"icon-box-img\" style=\"width: 20px\">\n\t\t\t\t<div class=\"icon\">\n\t\t\t\t\t<div class=\"icon-inner\" >\n\t\t\t\t\t\t<img loading=\"lazy\" decoding=\"async\" width=\"300\" height=\"300\" src=\"https:\/\/spelinet.com\/wp-content\/uploads\/2025\/08\/cropped-favicon-300x300.png\" class=\"attachment-medium size-medium\" alt=\"\" srcset=\"https:\/\/spelinet.com\/wp-content\/uploads\/2025\/08\/cropped-favicon-300x300.png 300w, https:\/\/spelinet.com\/wp-content\/uploads\/2025\/08\/cropped-favicon-150x150.png 150w, https:\/\/spelinet.com\/wp-content\/uploads\/2025\/08\/cropped-favicon-270x270.png 270w, https:\/\/spelinet.com\/wp-content\/uploads\/2025\/08\/cropped-favicon-192x192.png 192w, https:\/\/spelinet.com\/wp-content\/uploads\/2025\/08\/cropped-favicon-180x180.png 180w, https:\/\/spelinet.com\/wp-content\/uploads\/2025\/08\/cropped-favicon-32x32.png 32w, https:\/\/spelinet.com\/wp-content\/uploads\/2025\/08\/cropped-favicon.png 512w\" sizes=\"auto, (max-width: 300px) 100vw, 300px\" \/>\t\t\t\t\t<\/div>\n\t\t\t\t<\/div>\n\t\t\t<\/div>\n\t\t\t\t<div class=\"icon-box-text last-reset\">\n\t\t\t\t\t\t\t\t\t\n\n<p><strong>Excellence:<\/strong> Offrir une qualit\u00e9 sup\u00e9rieure dans chaque service que nous fournissons.<\/p>\n\n\t\t<\/div>\n\t<\/div>\n\t\n\t\n\n\t\t<div class=\"icon-box featured-box icon-box-left text-left\"  style=\"margin:0px 0px 10px 0px;\">\n\t\t\t\t\t<div class=\"icon-box-img\" style=\"width: 20px\">\n\t\t\t\t<div class=\"icon\">\n\t\t\t\t\t<div class=\"icon-inner\" >\n\t\t\t\t\t\t<img loading=\"lazy\" decoding=\"async\" width=\"300\" height=\"300\" src=\"https:\/\/spelinet.com\/wp-content\/uploads\/2025\/08\/cropped-favicon-300x300.png\" class=\"attachment-medium size-medium\" alt=\"\" srcset=\"https:\/\/spelinet.com\/wp-content\/uploads\/2025\/08\/cropped-favicon-300x300.png 300w, https:\/\/spelinet.com\/wp-content\/uploads\/2025\/08\/cropped-favicon-150x150.png 150w, https:\/\/spelinet.com\/wp-content\/uploads\/2025\/08\/cropped-favicon-270x270.png 270w, https:\/\/spelinet.com\/wp-content\/uploads\/2025\/08\/cropped-favicon-192x192.png 192w, https:\/\/spelinet.com\/wp-content\/uploads\/2025\/08\/cropped-favicon-180x180.png 180w, https:\/\/spelinet.com\/wp-content\/uploads\/2025\/08\/cropped-favicon-32x32.png 32w, https:\/\/spelinet.com\/wp-content\/uploads\/2025\/08\/cropped-favicon.png 512w\" sizes=\"auto, (max-width: 300px) 100vw, 300px\" \/>\t\t\t\t\t<\/div>\n\t\t\t\t<\/div>\n\t\t\t<\/div>\n\t\t\t\t<div class=\"icon-box-text last-reset\">\n\t\t\t\t\t\t\t\t\t\n\n<p><strong>Fiabilit\u00e9: <\/strong>Cr\u00e9er une relation de confiance gr\u00e2ce \u00e0 un service constant et fiable.<\/p>\n\n\t\t<\/div>\n\t<\/div>\n\t\n\t\n\n\t\t<div class=\"icon-box featured-box icon-box-left text-left\"  style=\"margin:0px 0px 10px 0px;\">\n\t\t\t\t\t<div class=\"icon-box-img\" style=\"width: 20px\">\n\t\t\t\t<div class=\"icon\">\n\t\t\t\t\t<div class=\"icon-inner\" >\n\t\t\t\t\t\t<img loading=\"lazy\" decoding=\"async\" width=\"300\" height=\"300\" src=\"https:\/\/spelinet.com\/wp-content\/uploads\/2025\/08\/cropped-favicon-300x300.png\" class=\"attachment-medium size-medium\" alt=\"\" srcset=\"https:\/\/spelinet.com\/wp-content\/uploads\/2025\/08\/cropped-favicon-300x300.png 300w, https:\/\/spelinet.com\/wp-content\/uploads\/2025\/08\/cropped-favicon-150x150.png 150w, https:\/\/spelinet.com\/wp-content\/uploads\/2025\/08\/cropped-favicon-270x270.png 270w, https:\/\/spelinet.com\/wp-content\/uploads\/2025\/08\/cropped-favicon-192x192.png 192w, https:\/\/spelinet.com\/wp-content\/uploads\/2025\/08\/cropped-favicon-180x180.png 180w, https:\/\/spelinet.com\/wp-content\/uploads\/2025\/08\/cropped-favicon-32x32.png 32w, https:\/\/spelinet.com\/wp-content\/uploads\/2025\/08\/cropped-favicon.png 512w\" sizes=\"auto, (max-width: 300px) 100vw, 300px\" \/>\t\t\t\t\t<\/div>\n\t\t\t\t<\/div>\n\t\t\t<\/div>\n\t\t\t\t<div class=\"icon-box-text last-reset\">\n\t\t\t\t\t\t\t\t\t\n\n<p><strong>Approche centr\u00e9e sur le client:<\/strong> Comprendre et r\u00e9pondre aux besoins sp\u00e9cifiques des clients commerciaux et industriels.<\/p>\n\n\t\t<\/div>\n\t<\/div>\n\t\n\t\n<h3 class=\"uppercase\">Rencontrer nos fondateurs<\/h3>\n<p>Elijah Ramdhaney et Serena Pascal apportent des ann\u00e9es d&rsquo;exp\u00e9rience et une passion pour l&rsquo;am\u00e9lioration des standards dans l&rsquo;industrie du nettoyage commercial et industriel. Leur leadership et leur d\u00e9vouement assurent que Speli Net reste un partenaire de confiance pour les entreprises de tous secteurs.<\/p>\n<h3 class=\"uppercase\">Vivez la diff\u00e9rence<\/h3>\n<p>De l&rsquo;entretien complet des b\u00e2timents \u00e0 la gestion efficace du linge et aux programmes de nettoyage sur mesure, Speli Net est l\u00e0 pour optimiser et am\u00e9liorer votre espace commercial ou industriel. Contactez-nous d\u00e8s aujourd&rsquo;hui pour une consultation et d\u00e9couvrez comment nous pouvons aider votre entreprise \u00e0 briller.<\/p>\n\n\t\t<\/div>\n\t\t\t\t\n<style>\n#col-1751967319 > .col-inner {\n  margin: -21px 0px 0px 0px;\n}\n<\/style>\n\t<\/div>\n\n\t\n\n<\/div>\n\n\t\t<\/div>\n\n\t\t\n<style>\n#section_1783879035 {\n  padding-top: 30px;\n  padding-bottom: 30px;\n  background-color: rgb(255,255,255);\n}\n#section_1783879035 .section-bg-overlay {\n  background-color: rgba(255, 253, 250, 0.936);\n}\n#section_1783879035 .section-bg.bg-loaded {\n  background-image: url(https:\/\/spelinet.com\/wp-content\/uploads\/2025\/08\/cropped-favicon.png);\n}\n#section_1783879035 .ux-shape-divider--top svg {\n  height: 150px;\n  --divider-top-width: 100%;\n}\n#section_1783879035 .ux-shape-divider--bottom svg {\n  height: 150px;\n  --divider-width: 100%;\n}\n<\/style>\n\t<\/section>\n\t\n\n","protected":false},"excerpt":{"rendered":"","protected":false},"author":1,"featured_media":0,"parent":0,"menu_order":0,"comment_status":"closed","ping_status":"closed","template":"page-blank.php","meta":{"footnotes":""},"class_list":["post-237","page","type-page","status-publish","hentry"],"yoast_head":"<!-- This site is optimized with the Yoast SEO plugin v25.8 - https:\/\/yoast.com\/wordpress\/plugins\/seo\/ -->\n<title>\u00c0 propos de nous - Spelinet<\/title>\n<meta name=\"robots\" content=\"index, follow, max-snippet:-1, max-image-preview:large, max-video-preview:-1\" \/>\n<link rel=\"canonical\" href=\"https:\/\/spelinet.com\/fr\/a-propos-de-nous\/\" \/>\n<meta property=\"og:locale\" content=\"fr_FR\" \/>\n<meta property=\"og:type\" content=\"article\" \/>\n<meta property=\"og:title\" content=\"\u00c0 propos de nous - Spelinet\" \/>\n<meta property=\"og:url\" content=\"https:\/\/spelinet.com\/fr\/a-propos-de-nous\/\" \/>\n<meta property=\"og:site_name\" content=\"Spelinet\" \/>\n<meta property=\"article:modified_time\" content=\"2025-08-31T06:20:59+00:00\" \/>\n<meta name=\"twitter:card\" content=\"summary_large_image\" \/>\n<meta name=\"twitter:label1\" content=\"Dur\u00e9e de lecture estim\u00e9e\" \/>\n\t<meta name=\"twitter:data1\" content=\"3 minutes\" \/>\n<script type=\"application\/ld+json\" class=\"yoast-schema-graph\">{\"@context\":\"https:\/\/schema.org\",\"@graph\":[{\"@type\":\"WebPage\",\"@id\":\"https:\/\/spelinet.com\/fr\/a-propos-de-nous\/\",\"url\":\"https:\/\/spelinet.com\/fr\/a-propos-de-nous\/\",\"name\":\"\u00c0 propos de nous - Spelinet\",\"isPartOf\":{\"@id\":\"https:\/\/spelinet.com\/fr\/#website\"},\"datePublished\":\"2025-08-30T06:16:57+00:00\",\"dateModified\":\"2025-08-31T06:20:59+00:00\",\"breadcrumb\":{\"@id\":\"https:\/\/spelinet.com\/fr\/a-propos-de-nous\/#breadcrumb\"},\"inLanguage\":\"fr-FR\",\"potentialAction\":[{\"@type\":\"ReadAction\",\"target\":[\"https:\/\/spelinet.com\/fr\/a-propos-de-nous\/\"]}]},{\"@type\":\"BreadcrumbList\",\"@id\":\"https:\/\/spelinet.com\/fr\/a-propos-de-nous\/#breadcrumb\",\"itemListElement\":[{\"@type\":\"ListItem\",\"position\":1,\"name\":\"Home\",\"item\":\"https:\/\/spelinet.com\/fr\/\"},{\"@type\":\"ListItem\",\"position\":2,\"name\":\"\u00c0 propos de nous\"}]},{\"@type\":\"WebSite\",\"@id\":\"https:\/\/spelinet.com\/fr\/#website\",\"url\":\"https:\/\/spelinet.com\/fr\/\",\"name\":\"Spelinet\",\"description\":\"\",\"publisher\":{\"@id\":\"https:\/\/spelinet.com\/fr\/#organization\"},\"potentialAction\":[{\"@type\":\"SearchAction\",\"target\":{\"@type\":\"EntryPoint\",\"urlTemplate\":\"https:\/\/spelinet.com\/fr\/?s={search_term_string}\"},\"query-input\":{\"@type\":\"PropertyValueSpecification\",\"valueRequired\":true,\"valueName\":\"search_term_string\"}}],\"inLanguage\":\"fr-FR\"},{\"@type\":\"Organization\",\"@id\":\"https:\/\/spelinet.com\/fr\/#organization\",\"name\":\"Spelinet\",\"url\":\"https:\/\/spelinet.com\/fr\/\",\"logo\":{\"@type\":\"ImageObject\",\"inLanguage\":\"fr-FR\",\"@id\":\"https:\/\/spelinet.com\/fr\/#\/schema\/logo\/image\/\",\"url\":\"https:\/\/spelinet.com\/wp-content\/uploads\/2025\/08\/logo.png\",\"contentUrl\":\"https:\/\/spelinet.com\/wp-content\/uploads\/2025\/08\/logo.png\",\"width\":494,\"height\":366,\"caption\":\"Spelinet\"},\"image\":{\"@id\":\"https:\/\/spelinet.com\/fr\/#\/schema\/logo\/image\/\"}}]}<\/script>\n<!-- \/ Yoast SEO plugin. -->","yoast_head_json":{"title":"\u00c0 propos de nous - Spelinet","robots":{"index":"index","follow":"follow","max-snippet":"max-snippet:-1","max-image-preview":"max-image-preview:large","max-video-preview":"max-video-preview:-1"},"canonical":"https:\/\/spelinet.com\/fr\/a-propos-de-nous\/","og_locale":"fr_FR","og_type":"article","og_title":"\u00c0 propos de nous - Spelinet","og_url":"https:\/\/spelinet.com\/fr\/a-propos-de-nous\/","og_site_name":"Spelinet","article_modified_time":"2025-08-31T06:20:59+00:00","twitter_card":"summary_large_image","twitter_misc":{"Dur\u00e9e de lecture estim\u00e9e":"3 minutes"},"schema":{"@context":"https:\/\/schema.org","@graph":[{"@type":"WebPage","@id":"https:\/\/spelinet.com\/fr\/a-propos-de-nous\/","url":"https:\/\/spelinet.com\/fr\/a-propos-de-nous\/","name":"\u00c0 propos de nous - Spelinet","isPartOf":{"@id":"https:\/\/spelinet.com\/fr\/#website"},"datePublished":"2025-08-30T06:16:57+00:00","dateModified":"2025-08-31T06:20:59+00:00","breadcrumb":{"@id":"https:\/\/spelinet.com\/fr\/a-propos-de-nous\/#breadcrumb"},"inLanguage":"fr-FR","potentialAction":[{"@type":"ReadAction","target":["https:\/\/spelinet.com\/fr\/a-propos-de-nous\/"]}]},{"@type":"BreadcrumbList","@id":"https:\/\/spelinet.com\/fr\/a-propos-de-nous\/#breadcrumb","itemListElement":[{"@type":"ListItem","position":1,"name":"Home","item":"https:\/\/spelinet.com\/fr\/"},{"@type":"ListItem","position":2,"name":"\u00c0 propos de nous"}]},{"@type":"WebSite","@id":"https:\/\/spelinet.com\/fr\/#website","url":"https:\/\/spelinet.com\/fr\/","name":"Spelinet","description":"","publisher":{"@id":"https:\/\/spelinet.com\/fr\/#organization"},"potentialAction":[{"@type":"SearchAction","target":{"@type":"EntryPoint","urlTemplate":"https:\/\/spelinet.com\/fr\/?s={search_term_string}"},"query-input":{"@type":"PropertyValueSpecification","valueRequired":true,"valueName":"search_term_string"}}],"inLanguage":"fr-FR"},{"@type":"Organization","@id":"https:\/\/spelinet.com\/fr\/#organization","name":"Spelinet","url":"https:\/\/spelinet.com\/fr\/","logo":{"@type":"ImageObject","inLanguage":"fr-FR","@id":"https:\/\/spelinet.com\/fr\/#\/schema\/logo\/image\/","url":"https:\/\/spelinet.com\/wp-content\/uploads\/2025\/08\/logo.png","contentUrl":"https:\/\/spelinet.com\/wp-content\/uploads\/2025\/08\/logo.png","width":494,"height":366,"caption":"Spelinet"},"image":{"@id":"https:\/\/spelinet.com\/fr\/#\/schema\/logo\/image\/"}}]}},"_links":{"self":[{"href":"https:\/\/spelinet.com\/fr\/wp-json\/wp\/v2\/pages\/237","targetHints":{"allow":["GET"]}}],"collection":[{"href":"https:\/\/spelinet.com\/fr\/wp-json\/wp\/v2\/pages"}],"about":[{"href":"https:\/\/spelinet.com\/fr\/wp-json\/wp\/v2\/types\/page"}],"author":[{"embeddable":true,"href":"https:\/\/spelinet.com\/fr\/wp-json\/wp\/v2\/users\/1"}],"replies":[{"embeddable":true,"href":"https:\/\/spelinet.com\/fr\/wp-json\/wp\/v2\/comments?post=237"}],"version-history":[{"count":1,"href":"https:\/\/spelinet.com\/fr\/wp-json\/wp\/v2\/pages\/237\/revisions"}],"predecessor-version":[{"id":238,"href":"https:\/\/spelinet.com\/fr\/wp-json\/wp\/v2\/pages\/237\/revisions\/238"}],"wp:attachment":[{"href":"https:\/\/spelinet.com\/fr\/wp-json\/wp\/v2\/media?parent=237"}],"curies":[{"name":"wp","href":"https:\/\/api.w.org\/{rel}","templated":true}]}}