{"id":239,"date":"2025-08-30T05:27:11","date_gmt":"2025-08-30T05:27:11","guid":{"rendered":"https:\/\/spelinet.com\/carriere\/"},"modified":"2025-08-31T08:09:31","modified_gmt":"2025-08-31T08:09:31","slug":"carriere","status":"publish","type":"page","link":"https:\/\/spelinet.com\/fr\/carriere\/","title":{"rendered":"Carri\u00e8re"},"content":{"rendered":"\n\n  <div class=\"banner has-hover\" id=\"banner-1967930984\">\n          <div class=\"banner-inner fill\">\n        <div class=\"banner-bg fill\" >\n            <div class=\"bg fill bg-fill \"><\/div>\n                                    \n                    <\/div>\n\t\t\n        <div class=\"banner-layers container\">\n            <div class=\"fill banner-link\"><\/div>            \n\n   <div id=\"text-box-1893342310\" class=\"text-box banner-layer x50 md-x50 lg-x50 y50 md-y50 lg-y50 res-text\">\n                                <div class=\"text-box-content text dark\">\n              \n              <div class=\"text-inner text-center\">\n                  \n\n<h3 class=\"uppercase\"><b>Opportunit\u00e9s de Carri\u00e8re chez Speli Net<\/b><\/h3>\n\n              <\/div>\n           <\/div>\n                            \n<style>\n#text-box-1893342310 {\n  width: 100%;\n}\n#text-box-1893342310 .text-box-content {\n  font-size: 100%;\n}\n<\/style>\n    <\/div>\n \n\n        <\/div>\n      <\/div>\n\n            \n<style>\n#banner-1967930984 {\n  padding-top: 60px;\n}\n#banner-1967930984 .ux-shape-divider--top svg {\n  height: 150px;\n  --divider-top-width: 100%;\n}\n#banner-1967930984 .ux-shape-divider--bottom svg {\n  height: 150px;\n  --divider-width: 100%;\n}\n<\/style>\n  <\/div>\n\n\n\t<section class=\"section\" id=\"section_781650258\">\n\t\t<div class=\"bg section-bg fill bg-fill  bg-loaded\" >\n\n\t\t\t\n\t\t\t<div class=\"section-bg-overlay absolute fill\"><\/div>\n\t\t\t\n\n\t\t<\/div>\n\n\t\t\n\n\t\t<div class=\"section-content relative\">\n\t\t\t\n\n<div class=\"row row-small align-equal align-center\"  id=\"row-821053220\">\n\n\n\t<div id=\"col-192197037\" class=\"col medium-6 small-12 large-6\"  >\n\t\t\t\t<div class=\"col-inner\"  >\n\t\t\t\n\t\t\t\n\n\t<div id=\"text-2937008325\" class=\"text\">\n\t\t\n\n<p>Chez Speli Net, nous sommes toujours \u00e0 la recherche de personnes passionn\u00e9es et motiv\u00e9es pour rejoindre notre \u00e9quipe en pleine expansion. En tant que leader dans l\u2019industrie du nettoyage commercial et industriel, nous offrons un environnement de travail dynamique et soutenant o\u00f9 vous pouvez vous \u00e9panouir, grandir et d\u00e9velopper votre carri\u00e8re.<\/p>\n<p>Nous croyons que nos employ\u00e9s sont le c\u0153ur de notre succ\u00e8s. Sans eux, il n\u2019y a pas de nous. Nous valorisons et appr\u00e9cions profond\u00e9ment le d\u00e9vouement, le travail acharn\u00e9 et l\u2019expertise de chaque membre de l\u2019\u00e9quipe. Chaque contribution compte et, ensemble, nous nous effor\u00e7ons de fixer la norme d\u2019excellence dans l\u2019industrie.<\/p>\n\t\t\n<style>\n#text-2937008325 {\n  color: rgb(0,0,0);\n}\n#text-2937008325 > * {\n  color: rgb(0,0,0);\n}\n<\/style>\n\t<\/div>\n\t\n\t<div id=\"text-2823190268\" class=\"text\">\n\t\t\n\n<h3 class=\"uppercase\">Pourquoi Travailler avec Nous?<\/h3>\n\t\t\n<style>\n#text-2823190268 {\n  font-size: 1.1rem;\n}\n@media (min-width:550px) {\n  #text-2823190268 {\n    font-size: 1.2rem;\n  }\n}\n@media (min-width:850px) {\n  #text-2823190268 {\n    font-size: 1.2rem;\n  }\n}\n<\/style>\n\t<\/div>\n\t\n\n\t\t<div class=\"icon-box featured-box icon-box-left text-left\"  style=\"margin:0px 0px 10px 0px;\">\n\t\t\t\t\t<div class=\"icon-box-img\" style=\"width: 20px\">\n\t\t\t\t<div class=\"icon\">\n\t\t\t\t\t<div class=\"icon-inner\" >\n\t\t\t\t\t\t<img loading=\"lazy\" decoding=\"async\" width=\"300\" height=\"300\" src=\"https:\/\/spelinet.com\/wp-content\/uploads\/2025\/08\/cropped-favicon-300x300.png\" class=\"attachment-medium size-medium\" alt=\"\" srcset=\"https:\/\/spelinet.com\/wp-content\/uploads\/2025\/08\/cropped-favicon-300x300.png 300w, https:\/\/spelinet.com\/wp-content\/uploads\/2025\/08\/cropped-favicon-150x150.png 150w, https:\/\/spelinet.com\/wp-content\/uploads\/2025\/08\/cropped-favicon-270x270.png 270w, https:\/\/spelinet.com\/wp-content\/uploads\/2025\/08\/cropped-favicon-192x192.png 192w, https:\/\/spelinet.com\/wp-content\/uploads\/2025\/08\/cropped-favicon-180x180.png 180w, https:\/\/spelinet.com\/wp-content\/uploads\/2025\/08\/cropped-favicon-32x32.png 32w, https:\/\/spelinet.com\/wp-content\/uploads\/2025\/08\/cropped-favicon.png 512w\" sizes=\"auto, (max-width: 300px) 100vw, 300px\" \/>\t\t\t\t\t<\/div>\n\t\t\t\t<\/div>\n\t\t\t<\/div>\n\t\t\t\t<div class=\"icon-box-text last-reset\">\n\t\t\t\t\t\t\t\t\t\n\n<p><strong>Croissance et D\u00e9veloppement: <\/strong>Nous croyons en la promotion des talents et offrons des opportunit\u00e9s de progression de carri\u00e8re.<\/p>\n\n\t\t<\/div>\n\t<\/div>\n\t\n\t\n\n\t\t<div class=\"icon-box featured-box icon-box-left text-left\"  style=\"margin:0px 0px 10px 0px;\">\n\t\t\t\t\t<div class=\"icon-box-img\" style=\"width: 20px\">\n\t\t\t\t<div class=\"icon\">\n\t\t\t\t\t<div class=\"icon-inner\" >\n\t\t\t\t\t\t<img loading=\"lazy\" decoding=\"async\" width=\"300\" height=\"300\" src=\"https:\/\/spelinet.com\/wp-content\/uploads\/2025\/08\/cropped-favicon-300x300.png\" class=\"attachment-medium size-medium\" alt=\"\" srcset=\"https:\/\/spelinet.com\/wp-content\/uploads\/2025\/08\/cropped-favicon-300x300.png 300w, https:\/\/spelinet.com\/wp-content\/uploads\/2025\/08\/cropped-favicon-150x150.png 150w, https:\/\/spelinet.com\/wp-content\/uploads\/2025\/08\/cropped-favicon-270x270.png 270w, https:\/\/spelinet.com\/wp-content\/uploads\/2025\/08\/cropped-favicon-192x192.png 192w, https:\/\/spelinet.com\/wp-content\/uploads\/2025\/08\/cropped-favicon-180x180.png 180w, https:\/\/spelinet.com\/wp-content\/uploads\/2025\/08\/cropped-favicon-32x32.png 32w, https:\/\/spelinet.com\/wp-content\/uploads\/2025\/08\/cropped-favicon.png 512w\" sizes=\"auto, (max-width: 300px) 100vw, 300px\" \/>\t\t\t\t\t<\/div>\n\t\t\t\t<\/div>\n\t\t\t<\/div>\n\t\t\t\t<div class=\"icon-box-text last-reset\">\n\t\t\t\t\t\t\t\t\t\n\n<p><strong>Culture d\u2019\u00c9quipe: <\/strong>Travaillez au sein d\u2019une \u00e9quipe d\u00e9di\u00e9e et solidaire qui valorise la collaboration et le respect.<\/p>\n\n\t\t<\/div>\n\t<\/div>\n\t\n\t\n\n\t\t<div class=\"icon-box featured-box icon-box-left text-left\"  style=\"margin:0px 0px 10px 0px;\">\n\t\t\t\t\t<div class=\"icon-box-img\" style=\"width: 20px\">\n\t\t\t\t<div class=\"icon\">\n\t\t\t\t\t<div class=\"icon-inner\" >\n\t\t\t\t\t\t<img loading=\"lazy\" decoding=\"async\" width=\"300\" height=\"300\" src=\"https:\/\/spelinet.com\/wp-content\/uploads\/2025\/08\/cropped-favicon-300x300.png\" class=\"attachment-medium size-medium\" alt=\"\" srcset=\"https:\/\/spelinet.com\/wp-content\/uploads\/2025\/08\/cropped-favicon-300x300.png 300w, https:\/\/spelinet.com\/wp-content\/uploads\/2025\/08\/cropped-favicon-150x150.png 150w, https:\/\/spelinet.com\/wp-content\/uploads\/2025\/08\/cropped-favicon-270x270.png 270w, https:\/\/spelinet.com\/wp-content\/uploads\/2025\/08\/cropped-favicon-192x192.png 192w, https:\/\/spelinet.com\/wp-content\/uploads\/2025\/08\/cropped-favicon-180x180.png 180w, https:\/\/spelinet.com\/wp-content\/uploads\/2025\/08\/cropped-favicon-32x32.png 32w, https:\/\/spelinet.com\/wp-content\/uploads\/2025\/08\/cropped-favicon.png 512w\" sizes=\"auto, (max-width: 300px) 100vw, 300px\" \/>\t\t\t\t\t<\/div>\n\t\t\t\t<\/div>\n\t\t\t<\/div>\n\t\t\t\t<div class=\"icon-box-text last-reset\">\n\t\t\t\t\t\t\t\t\t\n\n<p><strong>Appr\u00e9ciation des Employ\u00e9s:<\/strong> Chez Speli Net, nous reconnaissons l\u2019importance de nos employ\u00e9s et exprimons notre gratitude pour leur travail acharn\u00e9 et leur engagement.<\/p>\n\n\t\t<\/div>\n\t<\/div>\n\t\n\t\n<p>Rejoignez-nous chez Speli Net et faites partie d\u2019une entreprise engag\u00e9e \u00e0 l\u2019excellence dans tout ce que nous faisons. Ensemble, nous faisons la diff\u00e9rence.<\/p>\n\n\t\t<\/div>\n\t\t\t\t\t<\/div>\n\n\t\n\n\t<div id=\"col-1554858129\" class=\"col medium-6 small-12 large-6 small-col-first\"  data-animate=\"fadeInRight\">\n\t\t\t\t<div class=\"col-inner\"  >\n\t\t\t\n\t\t\t\n\n\t<div class=\"box has-hover   has-hover box-text-bottom\" >\n\n\t\t<div class=\"box-image\" style=\"border-radius:5%;\">\n\t\t\t\t\t\t<div class=\"\" >\n\t\t\t\t<img loading=\"lazy\" decoding=\"async\" width=\"1536\" height=\"1024\" src=\"https:\/\/spelinet.com\/wp-content\/uploads\/2025\/08\/1-1.jpg\" class=\"attachment-original size-original\" alt=\"\" srcset=\"https:\/\/spelinet.com\/wp-content\/uploads\/2025\/08\/1-1.jpg 1536w, https:\/\/spelinet.com\/wp-content\/uploads\/2025\/08\/1-1-300x200.jpg 300w, https:\/\/spelinet.com\/wp-content\/uploads\/2025\/08\/1-1-1024x683.jpg 1024w, https:\/\/spelinet.com\/wp-content\/uploads\/2025\/08\/1-1-768x512.jpg 768w\" sizes=\"auto, (max-width: 1536px) 100vw, 1536px\" \/>\t\t\t\t\t\t\t\t\t\t\t<\/div>\n\t\t\t\t\t<\/div>\n\n\t\t<div class=\"box-text text-center\" >\n\t\t\t<div class=\"box-text-inner\">\n\t\t\t\t\n\n\n\t\t\t<\/div>\n\t\t<\/div>\n\t<\/div>\n\t\n\n\t\t<\/div>\n\t\t\t\t\t<\/div>\n\n\t\n\n<\/div>\n\n\t\t<\/div>\n\n\t\t\n<style>\n#section_781650258 {\n  padding-top: 30px;\n  padding-bottom: 30px;\n  background-color: rgb(255,255,255);\n}\n#section_781650258 .section-bg-overlay {\n  background-color: rgb(255, 253, 250);\n}\n#section_781650258 .ux-shape-divider--top svg {\n  height: 150px;\n  --divider-top-width: 100%;\n}\n#section_781650258 .ux-shape-divider--bottom svg {\n  height: 150px;\n  --divider-width: 100%;\n}\n<\/style>\n\t<\/section>\n\t\n\n","protected":false},"excerpt":{"rendered":"","protected":false},"author":1,"featured_media":0,"parent":0,"menu_order":0,"comment_status":"closed","ping_status":"closed","template":"page-blank.php","meta":{"footnotes":""},"class_list":["post-239","page","type-page","status-publish","hentry"],"yoast_head":"<!-- This site is optimized with the Yoast SEO plugin v25.8 - https:\/\/yoast.com\/wordpress\/plugins\/seo\/ -->\n<title>Carri\u00e8re - Spelinet<\/title>\n<meta name=\"robots\" content=\"index, follow, max-snippet:-1, max-image-preview:large, max-video-preview:-1\" \/>\n<link rel=\"canonical\" href=\"https:\/\/spelinet.com\/fr\/carriere\/\" \/>\n<meta property=\"og:locale\" content=\"fr_FR\" \/>\n<meta property=\"og:type\" content=\"article\" \/>\n<meta property=\"og:title\" content=\"Carri\u00e8re - Spelinet\" \/>\n<meta property=\"og:url\" content=\"https:\/\/spelinet.com\/fr\/carriere\/\" \/>\n<meta property=\"og:site_name\" content=\"Spelinet\" \/>\n<meta property=\"article:modified_time\" content=\"2025-08-31T08:09:31+00:00\" \/>\n<meta name=\"twitter:card\" content=\"summary_large_image\" \/>\n<meta name=\"twitter:label1\" content=\"Dur\u00e9e de lecture estim\u00e9e\" \/>\n\t<meta name=\"twitter:data1\" content=\"2 minutes\" \/>\n<script type=\"application\/ld+json\" class=\"yoast-schema-graph\">{\"@context\":\"https:\/\/schema.org\",\"@graph\":[{\"@type\":\"WebPage\",\"@id\":\"https:\/\/spelinet.com\/fr\/carriere\/\",\"url\":\"https:\/\/spelinet.com\/fr\/carriere\/\",\"name\":\"Carri\u00e8re - Spelinet\",\"isPartOf\":{\"@id\":\"https:\/\/spelinet.com\/fr\/#website\"},\"datePublished\":\"2025-08-30T05:27:11+00:00\",\"dateModified\":\"2025-08-31T08:09:31+00:00\",\"breadcrumb\":{\"@id\":\"https:\/\/spelinet.com\/fr\/carriere\/#breadcrumb\"},\"inLanguage\":\"fr-FR\",\"potentialAction\":[{\"@type\":\"ReadAction\",\"target\":[\"https:\/\/spelinet.com\/fr\/carriere\/\"]}]},{\"@type\":\"BreadcrumbList\",\"@id\":\"https:\/\/spelinet.com\/fr\/carriere\/#breadcrumb\",\"itemListElement\":[{\"@type\":\"ListItem\",\"position\":1,\"name\":\"Home\",\"item\":\"https:\/\/spelinet.com\/fr\/\"},{\"@type\":\"ListItem\",\"position\":2,\"name\":\"Carri\u00e8re\"}]},{\"@type\":\"WebSite\",\"@id\":\"https:\/\/spelinet.com\/fr\/#website\",\"url\":\"https:\/\/spelinet.com\/fr\/\",\"name\":\"Spelinet\",\"description\":\"\",\"publisher\":{\"@id\":\"https:\/\/spelinet.com\/fr\/#organization\"},\"potentialAction\":[{\"@type\":\"SearchAction\",\"target\":{\"@type\":\"EntryPoint\",\"urlTemplate\":\"https:\/\/spelinet.com\/fr\/?s={search_term_string}\"},\"query-input\":{\"@type\":\"PropertyValueSpecification\",\"valueRequired\":true,\"valueName\":\"search_term_string\"}}],\"inLanguage\":\"fr-FR\"},{\"@type\":\"Organization\",\"@id\":\"https:\/\/spelinet.com\/fr\/#organization\",\"name\":\"Spelinet\",\"url\":\"https:\/\/spelinet.com\/fr\/\",\"logo\":{\"@type\":\"ImageObject\",\"inLanguage\":\"fr-FR\",\"@id\":\"https:\/\/spelinet.com\/fr\/#\/schema\/logo\/image\/\",\"url\":\"https:\/\/spelinet.com\/wp-content\/uploads\/2025\/08\/logo.png\",\"contentUrl\":\"https:\/\/spelinet.com\/wp-content\/uploads\/2025\/08\/logo.png\",\"width\":494,\"height\":366,\"caption\":\"Spelinet\"},\"image\":{\"@id\":\"https:\/\/spelinet.com\/fr\/#\/schema\/logo\/image\/\"}}]}<\/script>\n<!-- \/ Yoast SEO plugin. -->","yoast_head_json":{"title":"Carri\u00e8re - Spelinet","robots":{"index":"index","follow":"follow","max-snippet":"max-snippet:-1","max-image-preview":"max-image-preview:large","max-video-preview":"max-video-preview:-1"},"canonical":"https:\/\/spelinet.com\/fr\/carriere\/","og_locale":"fr_FR","og_type":"article","og_title":"Carri\u00e8re - Spelinet","og_url":"https:\/\/spelinet.com\/fr\/carriere\/","og_site_name":"Spelinet","article_modified_time":"2025-08-31T08:09:31+00:00","twitter_card":"summary_large_image","twitter_misc":{"Dur\u00e9e de lecture estim\u00e9e":"2 minutes"},"schema":{"@context":"https:\/\/schema.org","@graph":[{"@type":"WebPage","@id":"https:\/\/spelinet.com\/fr\/carriere\/","url":"https:\/\/spelinet.com\/fr\/carriere\/","name":"Carri\u00e8re - Spelinet","isPartOf":{"@id":"https:\/\/spelinet.com\/fr\/#website"},"datePublished":"2025-08-30T05:27:11+00:00","dateModified":"2025-08-31T08:09:31+00:00","breadcrumb":{"@id":"https:\/\/spelinet.com\/fr\/carriere\/#breadcrumb"},"inLanguage":"fr-FR","potentialAction":[{"@type":"ReadAction","target":["https:\/\/spelinet.com\/fr\/carriere\/"]}]},{"@type":"BreadcrumbList","@id":"https:\/\/spelinet.com\/fr\/carriere\/#breadcrumb","itemListElement":[{"@type":"ListItem","position":1,"name":"Home","item":"https:\/\/spelinet.com\/fr\/"},{"@type":"ListItem","position":2,"name":"Carri\u00e8re"}]},{"@type":"WebSite","@id":"https:\/\/spelinet.com\/fr\/#website","url":"https:\/\/spelinet.com\/fr\/","name":"Spelinet","description":"","publisher":{"@id":"https:\/\/spelinet.com\/fr\/#organization"},"potentialAction":[{"@type":"SearchAction","target":{"@type":"EntryPoint","urlTemplate":"https:\/\/spelinet.com\/fr\/?s={search_term_string}"},"query-input":{"@type":"PropertyValueSpecification","valueRequired":true,"valueName":"search_term_string"}}],"inLanguage":"fr-FR"},{"@type":"Organization","@id":"https:\/\/spelinet.com\/fr\/#organization","name":"Spelinet","url":"https:\/\/spelinet.com\/fr\/","logo":{"@type":"ImageObject","inLanguage":"fr-FR","@id":"https:\/\/spelinet.com\/fr\/#\/schema\/logo\/image\/","url":"https:\/\/spelinet.com\/wp-content\/uploads\/2025\/08\/logo.png","contentUrl":"https:\/\/spelinet.com\/wp-content\/uploads\/2025\/08\/logo.png","width":494,"height":366,"caption":"Spelinet"},"image":{"@id":"https:\/\/spelinet.com\/fr\/#\/schema\/logo\/image\/"}}]}},"_links":{"self":[{"href":"https:\/\/spelinet.com\/fr\/wp-json\/wp\/v2\/pages\/239","targetHints":{"allow":["GET"]}}],"collection":[{"href":"https:\/\/spelinet.com\/fr\/wp-json\/wp\/v2\/pages"}],"about":[{"href":"https:\/\/spelinet.com\/fr\/wp-json\/wp\/v2\/types\/page"}],"author":[{"embeddable":true,"href":"https:\/\/spelinet.com\/fr\/wp-json\/wp\/v2\/users\/1"}],"replies":[{"embeddable":true,"href":"https:\/\/spelinet.com\/fr\/wp-json\/wp\/v2\/comments?post=239"}],"version-history":[{"count":3,"href":"https:\/\/spelinet.com\/fr\/wp-json\/wp\/v2\/pages\/239\/revisions"}],"predecessor-version":[{"id":251,"href":"https:\/\/spelinet.com\/fr\/wp-json\/wp\/v2\/pages\/239\/revisions\/251"}],"wp:attachment":[{"href":"https:\/\/spelinet.com\/fr\/wp-json\/wp\/v2\/media?parent=239"}],"curies":[{"name":"wp","href":"https:\/\/api.w.org\/{rel}","templated":true}]}}