{"id":243,"date":"2025-08-30T04:56:27","date_gmt":"2025-08-30T04:56:27","guid":{"rendered":"https:\/\/spelinet.com\/notre-histoire\/"},"modified":"2025-09-09T06:49:24","modified_gmt":"2025-09-09T06:49:24","slug":"notre-histoire","status":"publish","type":"page","link":"https:\/\/spelinet.com\/fr\/notre-histoire\/","title":{"rendered":"Notre Histoire"},"content":{"rendered":"\n\n  <div class=\"banner has-hover\" id=\"banner-1153982529\">\n          <div class=\"banner-inner fill\">\n        <div class=\"banner-bg fill\" >\n            <div class=\"bg fill bg-fill \"><\/div>\n                                    \n                    <\/div>\n\t\t\n        <div class=\"banner-layers container\">\n            <div class=\"fill banner-link\"><\/div>            \n\n   <div id=\"text-box-510389786\" class=\"text-box banner-layer x50 md-x50 lg-x50 y50 md-y50 lg-y50 res-text\">\n                                <div class=\"text-box-content text dark\">\n              \n              <div class=\"text-inner text-center\">\n                  \n\n<h3 class=\"uppercase\"><b>Notre Histoire<br \/><\/b><\/h3>\n\n              <\/div>\n           <\/div>\n                            \n<style>\n#text-box-510389786 {\n  width: 100%;\n}\n#text-box-510389786 .text-box-content {\n  font-size: 100%;\n}\n<\/style>\n    <\/div>\n \n\n        <\/div>\n      <\/div>\n\n            \n<style>\n#banner-1153982529 {\n  padding-top: 60px;\n}\n#banner-1153982529 .ux-shape-divider--top svg {\n  height: 150px;\n  --divider-top-width: 100%;\n}\n#banner-1153982529 .ux-shape-divider--bottom svg {\n  height: 150px;\n  --divider-width: 100%;\n}\n<\/style>\n  <\/div>\n\n\n\t<section class=\"section\" id=\"section_1291336903\">\n\t\t<div class=\"bg section-bg fill bg-fill  bg-loaded\" >\n\n\t\t\t\n\t\t\t<div class=\"section-bg-overlay absolute fill\"><\/div>\n\t\t\t\n\n\t\t<\/div>\n\n\t\t\n\n\t\t<div class=\"section-content relative\">\n\t\t\t\n\n<div class=\"row row-small align-equal align-center\"  id=\"row-394118589\">\n\n\n\t<div id=\"col-1701538223\" class=\"col medium-10 small-12 large-9\"  >\n\t\t\t\t<div class=\"col-inner\"  >\n\t\t\t\n\t\t\t\n\n\t<div id=\"text-3469130956\" class=\"text\">\n\t\t\n\n<p>Speli Net a \u00e9t\u00e9 fond\u00e9e pendant la pand\u00e9mie, une p\u00e9riode o\u00f9 la soci\u00e9t\u00e9 avait besoin de services plus solides et fiables. Serena et Elijah se sont r\u00e9unis pour cr\u00e9er une entreprise portant leurs deux noms : SP pour Serena Pascal et ELI pour Elijah. Ensemble, ils ont cr\u00e9\u00e9 Speli Net, une entreprise fond\u00e9e sur l\u2019\u00e9quilibre, la force et la visi<\/p>\n\t\t\n<style>\n#text-3469130956 {\n  text-align: center;\n}\n<\/style>\n\t<\/div>\n\t\n\n\t\t<\/div>\n\t\t\t\t\t<\/div>\n\n\t\n\n<\/div>\n<div class=\"row row-small align-middle align-center\"  id=\"row-1394132658\">\n\n\n\t<div id=\"col-1025793170\" class=\"col small-12 large-12\"  data-animate=\"fadeInLeft\">\n\t\t\t\t<div class=\"col-inner box-shadow-1\" style=\"background-color:rgb(255,255,255);\" >\n\t\t\t\n\t\t\t\n\n\n\t\t<div class=\"icon-box featured-box icon-box-left text-left\"  >\n\t\t\t\t\t<div class=\"icon-box-img\" style=\"width: 92px\">\n\t\t\t\t<div class=\"icon\">\n\t\t\t\t\t<div class=\"icon-inner\" >\n\t\t\t\t\t\t<img loading=\"lazy\" decoding=\"async\" width=\"162\" height=\"175\" src=\"https:\/\/spelinet.com\/wp-content\/uploads\/2025\/08\/a.jpg\" class=\"attachment-medium size-medium\" alt=\"\" \/>\t\t\t\t\t<\/div>\n\t\t\t\t<\/div>\n\t\t\t<\/div>\n\t\t\t\t<div class=\"icon-box-text last-reset\">\n\t\t\t\t\t\t\t\t\t\n\n<h3 class=\"uppercase\">Serena<\/h3>\n<p>Serena est l\u2019architecte de la croissance. Elle voit des opportunit\u00e9s l\u00e0 o\u00f9 d\u2019autres voient des limites et poss\u00e8de le talent de transformer la vision en structure. Avec un sens aigu de la strat\u00e9gie et de l\u2019expansion, elle veille \u00e0 ce que Speli Net avance toujours, sans jamais rester immobile.<\/p>\n\n\t\t<\/div>\n\t<\/div>\n\t\n\t\n\n\t\t<\/div>\n\t\t\t\t\n<style>\n#col-1025793170 > .col-inner {\n  padding: 10px 10px 10px 10px;\n  border-radius: 10px;\n}\n<\/style>\n\t<\/div>\n\n\t\n\n\t<div id=\"col-1224368504\" class=\"col small-12 large-12\"  data-animate=\"fadeInLeft\">\n\t\t\t\t<div class=\"col-inner box-shadow-1\" style=\"background-color:rgb(255,255,255);\" >\n\t\t\t\n\t\t\t\n\n\n\t\t<div class=\"icon-box featured-box icon-box-left text-left\"  >\n\t\t\t\t\t<div class=\"icon-box-img\" style=\"width: 92px\">\n\t\t\t\t<div class=\"icon\">\n\t\t\t\t\t<div class=\"icon-inner\" >\n\t\t\t\t\t\t<img loading=\"lazy\" decoding=\"async\" width=\"178\" height=\"256\" src=\"https:\/\/spelinet.com\/wp-content\/uploads\/2025\/08\/eljiza1.png\" class=\"attachment-medium size-medium\" alt=\"\" \/>\t\t\t\t\t<\/div>\n\t\t\t\t<\/div>\n\t\t\t<\/div>\n\t\t\t\t<div class=\"icon-box-text last-reset\">\n\t\t\t\t\t\t\t\t\t\n\n<h3 class=\"uppercase\">Elijah<\/h3>\n<p>Elijah est le moteur. Inlassable, pratique et orient\u00e9 r\u00e9sultats, il propulse Speli Net avec la d\u00e9termination de concr\u00e9tiser les projets et de d\u00e9passer les attentes. Son \u00e9nergie garantit que l\u2019entreprise fonctionne avec force et constance.<\/p>\n\n\t\t<\/div>\n\t<\/div>\n\t\n\t\n\n\t\t<\/div>\n\t\t\t\t\n<style>\n#col-1224368504 > .col-inner {\n  padding: 10px 10px 10px 10px;\n  border-radius: 10px;\n}\n<\/style>\n\t<\/div>\n\n\t\n\n<\/div>\n<div class=\"row row-small align-equal align-center\"  id=\"row-834762887\">\n\n\n\t<div id=\"col-774183246\" class=\"col medium-11 small-12 large-10\"  >\n\t\t\t\t<div class=\"col-inner\"  >\n\t\t\t\n\t\t\t\n\n\n\t\t<div class=\"icon-box featured-box icon-box-center text-center\"  >\n\t\t\t\t\t<div class=\"icon-box-img\" style=\"width: 92px\">\n\t\t\t\t<div class=\"icon\">\n\t\t\t\t\t<div class=\"icon-inner\" >\n\t\t\t\t\t\t<img loading=\"lazy\" decoding=\"async\" width=\"300\" height=\"293\" src=\"https:\/\/spelinet.com\/wp-content\/uploads\/2025\/08\/favicon-300x293.png\" class=\"attachment-medium size-medium\" alt=\"\" srcset=\"https:\/\/spelinet.com\/wp-content\/uploads\/2025\/08\/favicon-300x293.png 300w, https:\/\/spelinet.com\/wp-content\/uploads\/2025\/08\/favicon.png 324w\" sizes=\"auto, (max-width: 300px) 100vw, 300px\" \/>\t\t\t\t\t<\/div>\n\t\t\t\t<\/div>\n\t\t\t<\/div>\n\t\t\t\t<div class=\"icon-box-text last-reset\">\n\t\t\t\t\t\t\t\t\t\n\n<h3 class=\"uppercase\">Ensemble<\/h3>\n<p>Serena et Elijah ont fond\u00e9 Speli Net avec amour, loyaut\u00e9 et une vision partag\u00e9e. Leurs forces combin\u00e9es apportent une valeur immense \u00e0 leur \u00e9quipe, cr\u00e9ant une culture de collaboration, d\u2019excellence et de confiance. Ensemble, ils dirigent une \u00e9quipe forte et unie qui transforme la vision en r\u00e9sultats et fait de Speli Net la puissance qu\u2019elle est aujourd\u2019hui.<\/p>\n\n\n\t\t<\/div>\n\t<\/div>\n\t\n\t\n\n\t\t<\/div>\n\t\t\t\t\t<\/div>\n\n\t\n\n<\/div>\n\n\t\t<\/div>\n\n\t\t\n<style>\n#section_1291336903 {\n  padding-top: 59px;\n  padding-bottom: 59px;\n  background-color: rgb(255,255,255);\n}\n#section_1291336903 .section-bg-overlay {\n  background-color: rgb(255, 253, 250);\n}\n#section_1291336903 .ux-shape-divider--top svg {\n  height: 150px;\n  --divider-top-width: 100%;\n}\n#section_1291336903 .ux-shape-divider--bottom svg {\n  height: 150px;\n  --divider-width: 100%;\n}\n<\/style>\n\t<\/section>\n\t\n\n","protected":false},"excerpt":{"rendered":"","protected":false},"author":1,"featured_media":0,"parent":0,"menu_order":0,"comment_status":"closed","ping_status":"closed","template":"page-blank.php","meta":{"footnotes":""},"class_list":["post-243","page","type-page","status-publish","hentry"],"yoast_head":"<!-- This site is optimized with the Yoast SEO plugin v25.8 - https:\/\/yoast.com\/wordpress\/plugins\/seo\/ -->\n<title>Notre Histoire - Spelinet<\/title>\n<meta name=\"robots\" content=\"index, follow, max-snippet:-1, max-image-preview:large, max-video-preview:-1\" \/>\n<link rel=\"canonical\" href=\"https:\/\/spelinet.com\/fr\/notre-histoire\/\" \/>\n<meta property=\"og:locale\" content=\"fr_FR\" \/>\n<meta property=\"og:type\" content=\"article\" \/>\n<meta property=\"og:title\" content=\"Notre Histoire - Spelinet\" \/>\n<meta property=\"og:url\" content=\"https:\/\/spelinet.com\/fr\/notre-histoire\/\" \/>\n<meta property=\"og:site_name\" content=\"Spelinet\" \/>\n<meta property=\"article:modified_time\" content=\"2025-09-09T06:49:24+00:00\" \/>\n<meta name=\"twitter:card\" content=\"summary_large_image\" \/>\n<meta name=\"twitter:label1\" content=\"Dur\u00e9e de lecture estim\u00e9e\" \/>\n\t<meta name=\"twitter:data1\" content=\"2 minutes\" \/>\n<script type=\"application\/ld+json\" class=\"yoast-schema-graph\">{\"@context\":\"https:\/\/schema.org\",\"@graph\":[{\"@type\":\"WebPage\",\"@id\":\"https:\/\/spelinet.com\/fr\/notre-histoire\/\",\"url\":\"https:\/\/spelinet.com\/fr\/notre-histoire\/\",\"name\":\"Notre Histoire - Spelinet\",\"isPartOf\":{\"@id\":\"https:\/\/spelinet.com\/fr\/#website\"},\"datePublished\":\"2025-08-30T04:56:27+00:00\",\"dateModified\":\"2025-09-09T06:49:24+00:00\",\"breadcrumb\":{\"@id\":\"https:\/\/spelinet.com\/fr\/notre-histoire\/#breadcrumb\"},\"inLanguage\":\"fr-FR\",\"potentialAction\":[{\"@type\":\"ReadAction\",\"target\":[\"https:\/\/spelinet.com\/fr\/notre-histoire\/\"]}]},{\"@type\":\"BreadcrumbList\",\"@id\":\"https:\/\/spelinet.com\/fr\/notre-histoire\/#breadcrumb\",\"itemListElement\":[{\"@type\":\"ListItem\",\"position\":1,\"name\":\"Home\",\"item\":\"https:\/\/spelinet.com\/fr\/\"},{\"@type\":\"ListItem\",\"position\":2,\"name\":\"Notre Histoire\"}]},{\"@type\":\"WebSite\",\"@id\":\"https:\/\/spelinet.com\/fr\/#website\",\"url\":\"https:\/\/spelinet.com\/fr\/\",\"name\":\"Spelinet\",\"description\":\"\",\"publisher\":{\"@id\":\"https:\/\/spelinet.com\/fr\/#organization\"},\"potentialAction\":[{\"@type\":\"SearchAction\",\"target\":{\"@type\":\"EntryPoint\",\"urlTemplate\":\"https:\/\/spelinet.com\/fr\/?s={search_term_string}\"},\"query-input\":{\"@type\":\"PropertyValueSpecification\",\"valueRequired\":true,\"valueName\":\"search_term_string\"}}],\"inLanguage\":\"fr-FR\"},{\"@type\":\"Organization\",\"@id\":\"https:\/\/spelinet.com\/fr\/#organization\",\"name\":\"Spelinet\",\"url\":\"https:\/\/spelinet.com\/fr\/\",\"logo\":{\"@type\":\"ImageObject\",\"inLanguage\":\"fr-FR\",\"@id\":\"https:\/\/spelinet.com\/fr\/#\/schema\/logo\/image\/\",\"url\":\"https:\/\/spelinet.com\/wp-content\/uploads\/2025\/08\/logo.png\",\"contentUrl\":\"https:\/\/spelinet.com\/wp-content\/uploads\/2025\/08\/logo.png\",\"width\":494,\"height\":366,\"caption\":\"Spelinet\"},\"image\":{\"@id\":\"https:\/\/spelinet.com\/fr\/#\/schema\/logo\/image\/\"}}]}<\/script>\n<!-- \/ Yoast SEO plugin. -->","yoast_head_json":{"title":"Notre Histoire - Spelinet","robots":{"index":"index","follow":"follow","max-snippet":"max-snippet:-1","max-image-preview":"max-image-preview:large","max-video-preview":"max-video-preview:-1"},"canonical":"https:\/\/spelinet.com\/fr\/notre-histoire\/","og_locale":"fr_FR","og_type":"article","og_title":"Notre Histoire - Spelinet","og_url":"https:\/\/spelinet.com\/fr\/notre-histoire\/","og_site_name":"Spelinet","article_modified_time":"2025-09-09T06:49:24+00:00","twitter_card":"summary_large_image","twitter_misc":{"Dur\u00e9e de lecture estim\u00e9e":"2 minutes"},"schema":{"@context":"https:\/\/schema.org","@graph":[{"@type":"WebPage","@id":"https:\/\/spelinet.com\/fr\/notre-histoire\/","url":"https:\/\/spelinet.com\/fr\/notre-histoire\/","name":"Notre Histoire - Spelinet","isPartOf":{"@id":"https:\/\/spelinet.com\/fr\/#website"},"datePublished":"2025-08-30T04:56:27+00:00","dateModified":"2025-09-09T06:49:24+00:00","breadcrumb":{"@id":"https:\/\/spelinet.com\/fr\/notre-histoire\/#breadcrumb"},"inLanguage":"fr-FR","potentialAction":[{"@type":"ReadAction","target":["https:\/\/spelinet.com\/fr\/notre-histoire\/"]}]},{"@type":"BreadcrumbList","@id":"https:\/\/spelinet.com\/fr\/notre-histoire\/#breadcrumb","itemListElement":[{"@type":"ListItem","position":1,"name":"Home","item":"https:\/\/spelinet.com\/fr\/"},{"@type":"ListItem","position":2,"name":"Notre Histoire"}]},{"@type":"WebSite","@id":"https:\/\/spelinet.com\/fr\/#website","url":"https:\/\/spelinet.com\/fr\/","name":"Spelinet","description":"","publisher":{"@id":"https:\/\/spelinet.com\/fr\/#organization"},"potentialAction":[{"@type":"SearchAction","target":{"@type":"EntryPoint","urlTemplate":"https:\/\/spelinet.com\/fr\/?s={search_term_string}"},"query-input":{"@type":"PropertyValueSpecification","valueRequired":true,"valueName":"search_term_string"}}],"inLanguage":"fr-FR"},{"@type":"Organization","@id":"https:\/\/spelinet.com\/fr\/#organization","name":"Spelinet","url":"https:\/\/spelinet.com\/fr\/","logo":{"@type":"ImageObject","inLanguage":"fr-FR","@id":"https:\/\/spelinet.com\/fr\/#\/schema\/logo\/image\/","url":"https:\/\/spelinet.com\/wp-content\/uploads\/2025\/08\/logo.png","contentUrl":"https:\/\/spelinet.com\/wp-content\/uploads\/2025\/08\/logo.png","width":494,"height":366,"caption":"Spelinet"},"image":{"@id":"https:\/\/spelinet.com\/fr\/#\/schema\/logo\/image\/"}}]}},"_links":{"self":[{"href":"https:\/\/spelinet.com\/fr\/wp-json\/wp\/v2\/pages\/243","targetHints":{"allow":["GET"]}}],"collection":[{"href":"https:\/\/spelinet.com\/fr\/wp-json\/wp\/v2\/pages"}],"about":[{"href":"https:\/\/spelinet.com\/fr\/wp-json\/wp\/v2\/types\/page"}],"author":[{"embeddable":true,"href":"https:\/\/spelinet.com\/fr\/wp-json\/wp\/v2\/users\/1"}],"replies":[{"embeddable":true,"href":"https:\/\/spelinet.com\/fr\/wp-json\/wp\/v2\/comments?post=243"}],"version-history":[{"count":3,"href":"https:\/\/spelinet.com\/fr\/wp-json\/wp\/v2\/pages\/243\/revisions"}],"predecessor-version":[{"id":382,"href":"https:\/\/spelinet.com\/fr\/wp-json\/wp\/v2\/pages\/243\/revisions\/382"}],"wp:attachment":[{"href":"https:\/\/spelinet.com\/fr\/wp-json\/wp\/v2\/media?parent=243"}],"curies":[{"name":"wp","href":"https:\/\/api.w.org\/{rel}","templated":true}]}}