{"id":245,"date":"2025-08-30T04:42:47","date_gmt":"2025-08-30T04:42:47","guid":{"rendered":"https:\/\/spelinet.com\/contactez-nous\/"},"modified":"2025-08-31T06:43:26","modified_gmt":"2025-08-31T06:43:26","slug":"contactez-nous","status":"publish","type":"page","link":"https:\/\/spelinet.com\/fr\/contactez-nous\/","title":{"rendered":"Contactez-Nous"},"content":{"rendered":"\n\n  <div class=\"banner has-hover\" id=\"banner-1393668697\">\n          <div class=\"banner-inner fill\">\n        <div class=\"banner-bg fill\" >\n            <div class=\"bg fill bg-fill \"><\/div>\n                                    \n                    <\/div>\n\t\t\n        <div class=\"banner-layers container\">\n            <div class=\"fill banner-link\"><\/div>            \n\n   <div id=\"text-box-2133253818\" class=\"text-box banner-layer x50 md-x50 lg-x50 y50 md-y50 lg-y50 res-text\">\n                                <div class=\"text-box-content text dark\">\n              \n              <div class=\"text-inner text-center\">\n                  \n\n<h3 class=\"uppercase\"><b>Contactez-Nous<\/b><\/h3>\n\n              <\/div>\n           <\/div>\n                            \n<style>\n#text-box-2133253818 {\n  width: 100%;\n}\n#text-box-2133253818 .text-box-content {\n  font-size: 100%;\n}\n<\/style>\n    <\/div>\n \n\n        <\/div>\n      <\/div>\n\n            \n<style>\n#banner-1393668697 {\n  padding-top: 60px;\n}\n#banner-1393668697 .ux-shape-divider--top svg {\n  height: 150px;\n  --divider-top-width: 100%;\n}\n#banner-1393668697 .ux-shape-divider--bottom svg {\n  height: 150px;\n  --divider-width: 100%;\n}\n<\/style>\n  <\/div>\n\n\n\t<section class=\"section\" id=\"section_13125888\">\n\t\t<div class=\"bg section-bg fill bg-fill  bg-loaded\" >\n\n\t\t\t\n\t\t\t<div class=\"section-bg-overlay absolute fill\"><\/div>\n\t\t\t\n\n\t\t<\/div>\n\n\t\t\n\n\t\t<div class=\"section-content relative\">\n\t\t\t\n\n<div class=\"row row-small align-equal align-center\"  id=\"row-2050714334\">\n\n\n\t<div id=\"col-1991960302\" class=\"col medium-10 small-12 large-8\"  >\n\t\t\t\t<div class=\"col-inner\"  >\n\t\t\t\n\t\t\t\n\n\t<div id=\"text-2410511687\" class=\"text\">\n\t\t\n\n<p>Nous sommes l\u00e0 pour vous aider ! Que vous ayez des questions, besoin de plus d\u2019informations ou que vous soyez int\u00e9ress\u00e9 par une estimation gratuite, n\u2019h\u00e9sitez pas \u00e0 nous contacter. Chez Speli Net, nous valorisons une communication ouverte et nous nous engageons \u00e0 fournir un service rapide et fiable.<\/p>\n\t\t\n<style>\n#text-2410511687 {\n  text-align: center;\n}\n<\/style>\n\t<\/div>\n\t\n\n\t\t<\/div>\n\t\t\t\t\t<\/div>\n\n\t\n\n<\/div>\n<div class=\"row row-small align-middle align-center\"  id=\"row-419202207\">\n\n\n\t<div id=\"col-1485704964\" class=\"col medium-6 small-12 large-6\"  >\n\t\t\t\t<div class=\"col-inner\"  >\n\t\t\t\n\t\t\t\n\n\t<div id=\"text-810780891\" class=\"text\">\n\t\t\n\n<h3 class=\"uppercase\">Comment Pouvons-Nous Vous Aider?<\/h3>\n\t\t\n<style>\n#text-810780891 {\n  font-size: 1.1rem;\n}\n@media (min-width:550px) {\n  #text-810780891 {\n    font-size: 1.2rem;\n  }\n}\n@media (min-width:850px) {\n  #text-810780891 {\n    font-size: 1.2rem;\n  }\n}\n<\/style>\n\t<\/div>\n\t\n\t<div id=\"text-205988560\" class=\"text\">\n\t\t\n\n<ul>\n<li><strong>Estimation Gratuite: <\/strong>Pour recevoir une estimation gratuite, remplissez simplement le formulaire ci-dessous. Notre \u00e9quipe reviendra vers vous dans **1-2 jours ouvrables** avec tous les d\u00e9tails.<\/li>\n<li><strong>Demandes G\u00e9n\u00e9rales: <\/strong>Vous avez une question ou besoin de plus d\u2019informations sur nos services ? Nous serons ravis de vous assister!<\/li>\n<li><strong>Retour d\u2019Exp\u00e9rience: <\/strong>Nous appr\u00e9cions vos retours! Partagez vos impressions ou exp\u00e9riences avec nous.<\/li>\n<\/ul>\n<h3 class=\"uppercase\"><strong>Informations de Contact<\/strong><\/h3>\n\t\t\n<style>\n#text-205988560 {\n  color: rgb(0,0,0);\n}\n#text-205988560 > * {\n  color: rgb(0,0,0);\n}\n<\/style>\n\t<\/div>\n\t\n\n\t\t<div class=\"icon-box featured-box icon-box-left text-left\"  style=\"margin:0px 0px 10px 0px;\">\n\t\t\t\t\t<div class=\"icon-box-img\" style=\"width: 20px\">\n\t\t\t\t<div class=\"icon\">\n\t\t\t\t\t<div class=\"icon-inner\" >\n\t\t\t\t\t\t<img loading=\"lazy\" decoding=\"async\" width=\"300\" height=\"300\" src=\"https:\/\/spelinet.com\/wp-content\/uploads\/2025\/08\/phone-icon-300x300.png\" class=\"attachment-medium size-medium\" alt=\"\" srcset=\"https:\/\/spelinet.com\/wp-content\/uploads\/2025\/08\/phone-icon-300x300.png 300w, https:\/\/spelinet.com\/wp-content\/uploads\/2025\/08\/phone-icon-150x150.png 150w, https:\/\/spelinet.com\/wp-content\/uploads\/2025\/08\/phone-icon.png 512w\" sizes=\"auto, (max-width: 300px) 100vw, 300px\" \/>\t\t\t\t\t<\/div>\n\t\t\t\t<\/div>\n\t\t\t<\/div>\n\t\t\t\t<div class=\"icon-box-text last-reset\">\n\t\t\t\t\t\t\t\t\t\n\n<p><strong>T\u00e9l\u00e9phone<\/strong><br><a href=\"tel:1-877-773-5448\">1-877-773-5448<\/a><\/p>\n\n\t\t<\/div>\n\t<\/div>\n\t\n\t\n\n\t\t<div class=\"icon-box featured-box icon-box-left text-left\"  style=\"margin:0px 0px 10px 0px;\">\n\t\t\t\t\t<div class=\"icon-box-img\" style=\"width: 20px\">\n\t\t\t\t<div class=\"icon\">\n\t\t\t\t\t<div class=\"icon-inner\" >\n\t\t\t\t\t\t<img loading=\"lazy\" decoding=\"async\" width=\"300\" height=\"246\" src=\"https:\/\/spelinet.com\/wp-content\/uploads\/2025\/08\/envelope-icon-512x419-i7s4ji4y-300x246.png\" class=\"attachment-medium size-medium\" alt=\"\" srcset=\"https:\/\/spelinet.com\/wp-content\/uploads\/2025\/08\/envelope-icon-512x419-i7s4ji4y-300x246.png 300w, https:\/\/spelinet.com\/wp-content\/uploads\/2025\/08\/envelope-icon-512x419-i7s4ji4y.png 512w\" sizes=\"auto, (max-width: 300px) 100vw, 300px\" \/>\t\t\t\t\t<\/div>\n\t\t\t\t<\/div>\n\t\t\t<\/div>\n\t\t\t\t<div class=\"icon-box-text last-reset\">\n\t\t\t\t\t\t\t\t\t\n\n<p><strong>Email<\/strong><br><a href=\"mailto:info@spelinet.com\">info@spelinet.com<\/a><\/p>\n\n\t\t<\/div>\n\t<\/div>\n\t\n\t\n\n\t\t<\/div>\n\t\t\t\t\t<\/div>\n\n\t\n\n\t<div id=\"col-965823579\" class=\"col medium-6 small-12 large-6\"  >\n\t\t\t\t<div class=\"col-inner box-shadow-1\" style=\"background-color:rgb(255,255,255);\" >\n\t\t\t\n\t\t\t\n\n\n<div class=\"wpcf7 no-js\" id=\"wpcf7-f254-o1\" lang=\"fr-FR\" dir=\"ltr\" data-wpcf7-id=\"254\">\n<div class=\"screen-reader-response\"><p role=\"status\" aria-live=\"polite\" aria-atomic=\"true\"><\/p> <ul><\/ul><\/div>\n<form action=\"\/fr\/wp-json\/wp\/v2\/pages\/245#wpcf7-f254-o1\" method=\"post\" class=\"wpcf7-form init\" aria-label=\"Formulaire de contact\" novalidate=\"novalidate\" data-status=\"init\">\n<fieldset class=\"hidden-fields-container\"><input type=\"hidden\" name=\"_wpcf7\" value=\"254\" \/><input type=\"hidden\" name=\"_wpcf7_version\" value=\"6.1.1\" \/><input type=\"hidden\" name=\"_wpcf7_locale\" value=\"fr_FR\" \/><input type=\"hidden\" name=\"_wpcf7_unit_tag\" value=\"wpcf7-f254-o1\" \/><input type=\"hidden\" name=\"_wpcf7_container_post\" value=\"0\" \/><input type=\"hidden\" name=\"_wpcf7_posted_data_hash\" value=\"\" \/>\n<\/fieldset>\n<p><label> Nom<br \/>\n<span class=\"wpcf7-form-control-wrap\" data-name=\"your-name\"><input size=\"40\" maxlength=\"400\" class=\"wpcf7-form-control wpcf7-text wpcf7-validates-as-required\" autocomplete=\"name\" aria-required=\"true\" aria-invalid=\"false\" value=\"\" type=\"text\" name=\"your-name\" \/><\/span> <\/label>\n<\/p>\n<p><label> E-mail<br \/>\n<span class=\"wpcf7-form-control-wrap\" data-name=\"your-email\"><input size=\"40\" maxlength=\"400\" class=\"wpcf7-form-control wpcf7-email wpcf7-validates-as-required wpcf7-text wpcf7-validates-as-email\" autocomplete=\"email\" aria-required=\"true\" aria-invalid=\"false\" value=\"\" type=\"email\" name=\"your-email\" \/><\/span> <\/label>\n<\/p>\n<p><label> Objet<br \/>\n<span class=\"wpcf7-form-control-wrap\" data-name=\"your-subject\"><input size=\"40\" maxlength=\"400\" class=\"wpcf7-form-control wpcf7-text wpcf7-validates-as-required\" aria-required=\"true\" aria-invalid=\"false\" value=\"\" type=\"text\" name=\"your-subject\" \/><\/span> <\/label>\n<\/p>\n<p><label> Message<br \/>\n<span class=\"wpcf7-form-control-wrap\" data-name=\"your-message\"><textarea cols=\"40\" rows=\"10\" maxlength=\"2000\" class=\"wpcf7-form-control wpcf7-textarea\" aria-invalid=\"false\" name=\"your-message\"><\/textarea><\/span> <\/label>\n<\/p>\n<p><input class=\"wpcf7-form-control wpcf7-submit has-spinner\" type=\"submit\" value=\"Envoyer\" \/>\n<\/p><p style=\"display: none !important;\" class=\"akismet-fields-container\" data-prefix=\"_wpcf7_ak_\"><label>&#916;<textarea name=\"_wpcf7_ak_hp_textarea\" cols=\"45\" rows=\"8\" maxlength=\"100\"><\/textarea><\/label><input type=\"hidden\" id=\"ak_js_1\" name=\"_wpcf7_ak_js\" value=\"6\"\/><script>document.getElementById( \"ak_js_1\" ).setAttribute( \"value\", ( new Date() ).getTime() );<\/script><\/p><div class=\"wpcf7-response-output\" aria-hidden=\"true\"><\/div>\n<\/form>\n<\/div>\n\n\n\n\t\t<\/div>\n\t\t\t\t\n<style>\n#col-965823579 > .col-inner {\n  padding: 20px 20px 20px 20px;\n  border-radius: 10px;\n}\n<\/style>\n\t<\/div>\n\n\t\n\n<\/div>\n\n\t\t<\/div>\n\n\t\t\n<style>\n#section_13125888 {\n  padding-top: 59px;\n  padding-bottom: 59px;\n  background-color: rgb(255,255,255);\n}\n#section_13125888 .section-bg-overlay {\n  background-color: rgb(255, 253, 250);\n}\n#section_13125888 .ux-shape-divider--top svg {\n  height: 150px;\n  --divider-top-width: 100%;\n}\n#section_13125888 .ux-shape-divider--bottom svg {\n  height: 150px;\n  --divider-width: 100%;\n}\n<\/style>\n\t<\/section>\n\t\n\n","protected":false},"excerpt":{"rendered":"","protected":false},"author":1,"featured_media":0,"parent":0,"menu_order":0,"comment_status":"closed","ping_status":"closed","template":"page-blank.php","meta":{"footnotes":""},"class_list":["post-245","page","type-page","status-publish","hentry"],"yoast_head":"<!-- This site is optimized with the Yoast SEO plugin v25.8 - https:\/\/yoast.com\/wordpress\/plugins\/seo\/ -->\n<title>Contactez-Nous - Spelinet<\/title>\n<meta name=\"robots\" content=\"index, follow, max-snippet:-1, max-image-preview:large, max-video-preview:-1\" \/>\n<link rel=\"canonical\" href=\"https:\/\/spelinet.com\/fr\/contactez-nous\/\" \/>\n<meta property=\"og:locale\" content=\"fr_FR\" \/>\n<meta property=\"og:type\" content=\"article\" \/>\n<meta property=\"og:title\" content=\"Contactez-Nous - Spelinet\" \/>\n<meta property=\"og:url\" content=\"https:\/\/spelinet.com\/fr\/contactez-nous\/\" \/>\n<meta property=\"og:site_name\" content=\"Spelinet\" \/>\n<meta property=\"article:modified_time\" content=\"2025-08-31T06:43:26+00:00\" \/>\n<meta name=\"twitter:card\" content=\"summary_large_image\" \/>\n<meta name=\"twitter:label1\" content=\"Dur\u00e9e de lecture estim\u00e9e\" \/>\n\t<meta name=\"twitter:data1\" content=\"1 minute\" \/>\n<script type=\"application\/ld+json\" class=\"yoast-schema-graph\">{\"@context\":\"https:\/\/schema.org\",\"@graph\":[{\"@type\":\"WebPage\",\"@id\":\"https:\/\/spelinet.com\/fr\/contactez-nous\/\",\"url\":\"https:\/\/spelinet.com\/fr\/contactez-nous\/\",\"name\":\"Contactez-Nous - Spelinet\",\"isPartOf\":{\"@id\":\"https:\/\/spelinet.com\/fr\/#website\"},\"datePublished\":\"2025-08-30T04:42:47+00:00\",\"dateModified\":\"2025-08-31T06:43:26+00:00\",\"breadcrumb\":{\"@id\":\"https:\/\/spelinet.com\/fr\/contactez-nous\/#breadcrumb\"},\"inLanguage\":\"fr-FR\",\"potentialAction\":[{\"@type\":\"ReadAction\",\"target\":[\"https:\/\/spelinet.com\/fr\/contactez-nous\/\"]}]},{\"@type\":\"BreadcrumbList\",\"@id\":\"https:\/\/spelinet.com\/fr\/contactez-nous\/#breadcrumb\",\"itemListElement\":[{\"@type\":\"ListItem\",\"position\":1,\"name\":\"Home\",\"item\":\"https:\/\/spelinet.com\/fr\/\"},{\"@type\":\"ListItem\",\"position\":2,\"name\":\"Contactez-Nous\"}]},{\"@type\":\"WebSite\",\"@id\":\"https:\/\/spelinet.com\/fr\/#website\",\"url\":\"https:\/\/spelinet.com\/fr\/\",\"name\":\"Spelinet\",\"description\":\"\",\"publisher\":{\"@id\":\"https:\/\/spelinet.com\/fr\/#organization\"},\"potentialAction\":[{\"@type\":\"SearchAction\",\"target\":{\"@type\":\"EntryPoint\",\"urlTemplate\":\"https:\/\/spelinet.com\/fr\/?s={search_term_string}\"},\"query-input\":{\"@type\":\"PropertyValueSpecification\",\"valueRequired\":true,\"valueName\":\"search_term_string\"}}],\"inLanguage\":\"fr-FR\"},{\"@type\":\"Organization\",\"@id\":\"https:\/\/spelinet.com\/fr\/#organization\",\"name\":\"Spelinet\",\"url\":\"https:\/\/spelinet.com\/fr\/\",\"logo\":{\"@type\":\"ImageObject\",\"inLanguage\":\"fr-FR\",\"@id\":\"https:\/\/spelinet.com\/fr\/#\/schema\/logo\/image\/\",\"url\":\"https:\/\/spelinet.com\/wp-content\/uploads\/2025\/08\/logo.png\",\"contentUrl\":\"https:\/\/spelinet.com\/wp-content\/uploads\/2025\/08\/logo.png\",\"width\":494,\"height\":366,\"caption\":\"Spelinet\"},\"image\":{\"@id\":\"https:\/\/spelinet.com\/fr\/#\/schema\/logo\/image\/\"}}]}<\/script>\n<!-- \/ Yoast SEO plugin. -->","yoast_head_json":{"title":"Contactez-Nous - Spelinet","robots":{"index":"index","follow":"follow","max-snippet":"max-snippet:-1","max-image-preview":"max-image-preview:large","max-video-preview":"max-video-preview:-1"},"canonical":"https:\/\/spelinet.com\/fr\/contactez-nous\/","og_locale":"fr_FR","og_type":"article","og_title":"Contactez-Nous - Spelinet","og_url":"https:\/\/spelinet.com\/fr\/contactez-nous\/","og_site_name":"Spelinet","article_modified_time":"2025-08-31T06:43:26+00:00","twitter_card":"summary_large_image","twitter_misc":{"Dur\u00e9e de lecture estim\u00e9e":"1 minute"},"schema":{"@context":"https:\/\/schema.org","@graph":[{"@type":"WebPage","@id":"https:\/\/spelinet.com\/fr\/contactez-nous\/","url":"https:\/\/spelinet.com\/fr\/contactez-nous\/","name":"Contactez-Nous - Spelinet","isPartOf":{"@id":"https:\/\/spelinet.com\/fr\/#website"},"datePublished":"2025-08-30T04:42:47+00:00","dateModified":"2025-08-31T06:43:26+00:00","breadcrumb":{"@id":"https:\/\/spelinet.com\/fr\/contactez-nous\/#breadcrumb"},"inLanguage":"fr-FR","potentialAction":[{"@type":"ReadAction","target":["https:\/\/spelinet.com\/fr\/contactez-nous\/"]}]},{"@type":"BreadcrumbList","@id":"https:\/\/spelinet.com\/fr\/contactez-nous\/#breadcrumb","itemListElement":[{"@type":"ListItem","position":1,"name":"Home","item":"https:\/\/spelinet.com\/fr\/"},{"@type":"ListItem","position":2,"name":"Contactez-Nous"}]},{"@type":"WebSite","@id":"https:\/\/spelinet.com\/fr\/#website","url":"https:\/\/spelinet.com\/fr\/","name":"Spelinet","description":"","publisher":{"@id":"https:\/\/spelinet.com\/fr\/#organization"},"potentialAction":[{"@type":"SearchAction","target":{"@type":"EntryPoint","urlTemplate":"https:\/\/spelinet.com\/fr\/?s={search_term_string}"},"query-input":{"@type":"PropertyValueSpecification","valueRequired":true,"valueName":"search_term_string"}}],"inLanguage":"fr-FR"},{"@type":"Organization","@id":"https:\/\/spelinet.com\/fr\/#organization","name":"Spelinet","url":"https:\/\/spelinet.com\/fr\/","logo":{"@type":"ImageObject","inLanguage":"fr-FR","@id":"https:\/\/spelinet.com\/fr\/#\/schema\/logo\/image\/","url":"https:\/\/spelinet.com\/wp-content\/uploads\/2025\/08\/logo.png","contentUrl":"https:\/\/spelinet.com\/wp-content\/uploads\/2025\/08\/logo.png","width":494,"height":366,"caption":"Spelinet"},"image":{"@id":"https:\/\/spelinet.com\/fr\/#\/schema\/logo\/image\/"}}]}},"_links":{"self":[{"href":"https:\/\/spelinet.com\/fr\/wp-json\/wp\/v2\/pages\/245","targetHints":{"allow":["GET"]}}],"collection":[{"href":"https:\/\/spelinet.com\/fr\/wp-json\/wp\/v2\/pages"}],"about":[{"href":"https:\/\/spelinet.com\/fr\/wp-json\/wp\/v2\/types\/page"}],"author":[{"embeddable":true,"href":"https:\/\/spelinet.com\/fr\/wp-json\/wp\/v2\/users\/1"}],"replies":[{"embeddable":true,"href":"https:\/\/spelinet.com\/fr\/wp-json\/wp\/v2\/comments?post=245"}],"version-history":[{"count":1,"href":"https:\/\/spelinet.com\/fr\/wp-json\/wp\/v2\/pages\/245\/revisions"}],"predecessor-version":[{"id":246,"href":"https:\/\/spelinet.com\/fr\/wp-json\/wp\/v2\/pages\/245\/revisions\/246"}],"wp:attachment":[{"href":"https:\/\/spelinet.com\/fr\/wp-json\/wp\/v2\/media?parent=245"}],"curies":[{"name":"wp","href":"https:\/\/api.w.org\/{rel}","templated":true}]}}